{"id":47835,"date":"2024-09-27T11:19:46","date_gmt":"2024-09-27T09:19:46","guid":{"rendered":"https:\/\/www.stille.se\/se\/?post_type=product&#038;p=47835"},"modified":"2024-09-27T11:22:48","modified_gmt":"2024-09-27T09:22:48","slug":"fehling-instruments-pincetter-och-klammor-katalog","status":"publish","type":"product","link":"https:\/\/www.stille.se\/se\/produkt\/fehling-instruments-pincetter-och-klammor-katalog\/","title":{"rendered":"FEHLING INSTRUMENTS PINCETTER OCH KL\u00c4MMOR KATALOG"},"content":{"rendered":"","protected":false},"excerpt":{"rendered":"<p>H\u00e4r hittar du v\u00e5rt sortiment av Fehling Instruments pincetter och kl\u00e4mmor:<\/p>\n<p><a href=\"https:\/\/www.stille.se\/se\/wp-content\/uploads\/2024\/09\/fehling-pincetter-och-klammor-katalog.pdf\">Fehling Instruments pincetter och kl\u00e4mmor katalog<\/a><\/p>\n","protected":false},"featured_media":47825,"template":"","meta":[],"product_cat":[339,585,1266],"product_tag":[],"acf":[],"yoast_head":"<!-- This site is optimized with the Yoast SEO plugin v17.9 - https:\/\/yoast.com\/wordpress\/plugins\/seo\/ -->\n<title>FEHLING INSTRUMENTS PINCETTER OCH KL\u00c4MMOR KATALOG - Stille SE STILLE<\/title>\n<meta name=\"robots\" content=\"index, follow, max-snippet:-1, max-image-preview:large, max-video-preview:-1\" \/>\n<link rel=\"canonical\" href=\"https:\/\/www.stille.se\/se\/produkt\/fehling-instruments-pincetter-och-klammor-katalog\/\" \/>\n<meta property=\"og:locale\" content=\"sv_SE\" \/>\n<meta property=\"og:type\" content=\"article\" \/>\n<meta property=\"og:title\" content=\"FEHLING INSTRUMENTS PINCETTER OCH KL\u00c4MMOR KATALOG - Stille SE STILLE\" \/>\n<meta property=\"og:description\" content=\"H\u00e4r hittar du v\u00e5rt sortiment av Fehling Instruments pincetter och kl\u00e4mmor:  Fehling Instruments pincetter och kl\u00e4mmor katalog\" \/>\n<meta property=\"og:url\" content=\"https:\/\/www.stille.se\/se\/produkt\/fehling-instruments-pincetter-och-klammor-katalog\/\" \/>\n<meta property=\"og:site_name\" content=\"Stille SE\" \/>\n<meta property=\"article:publisher\" content=\"https:\/\/www.facebook.com\/stilleab\/\" \/>\n<meta property=\"article:modified_time\" content=\"2024-09-27T09:22:48+00:00\" \/>\n<meta property=\"og:image\" content=\"https:\/\/www.stille.se\/se\/wp-content\/uploads\/2024\/09\/clamps.jpg\" \/>\n\t<meta property=\"og:image:width\" content=\"2480\" \/>\n\t<meta property=\"og:image:height\" content=\"2480\" \/>\n\t<meta property=\"og:image:type\" content=\"image\/jpeg\" \/>\n<meta name=\"twitter:card\" content=\"summary_large_image\" \/>\n<script type=\"application\/ld+json\" class=\"yoast-schema-graph\">{\"@context\":\"https:\/\/schema.org\",\"@graph\":[{\"@type\":\"Organization\",\"@id\":\"https:\/\/www.stille.se\/se\/#organization\",\"name\":\"Stille AB\",\"url\":\"https:\/\/www.stille.se\/se\/\",\"sameAs\":[\"https:\/\/www.facebook.com\/stilleab\/\",\"https:\/\/www.linkedin.com\/company\/stille-ab\/\",\"https:\/\/www.youtube.com\/channel\/UCpxmVroiwKKSXWe3ZCOrSqw\"],\"logo\":{\"@type\":\"ImageObject\",\"@id\":\"https:\/\/www.stille.se\/se\/#logo\",\"inLanguage\":\"sv-SE\",\"url\":\"https:\/\/www.stille.se\/se\/wp-content\/uploads\/2019\/12\/stille-logo-800.jpg\",\"contentUrl\":\"https:\/\/www.stille.se\/se\/wp-content\/uploads\/2019\/12\/stille-logo-800.jpg\",\"width\":562,\"height\":314,\"caption\":\"Stille AB\"},\"image\":{\"@id\":\"https:\/\/www.stille.se\/se\/#logo\"}},{\"@type\":\"WebSite\",\"@id\":\"https:\/\/www.stille.se\/se\/#website\",\"url\":\"https:\/\/www.stille.se\/se\/\",\"name\":\"Stille SE\",\"description\":\"\",\"publisher\":{\"@id\":\"https:\/\/www.stille.se\/se\/#organization\"},\"potentialAction\":[{\"@type\":\"SearchAction\",\"target\":{\"@type\":\"EntryPoint\",\"urlTemplate\":\"https:\/\/www.stille.se\/se\/?s={search_term_string}\"},\"query-input\":\"required name=search_term_string\"}],\"inLanguage\":\"sv-SE\"},{\"@type\":\"ImageObject\",\"@id\":\"https:\/\/www.stille.se\/se\/produkt\/fehling-instruments-pincetter-och-klammor-katalog\/#primaryimage\",\"inLanguage\":\"sv-SE\",\"url\":\"https:\/\/www.stille.se\/se\/wp-content\/uploads\/2024\/09\/clamps.jpg\",\"contentUrl\":\"https:\/\/www.stille.se\/se\/wp-content\/uploads\/2024\/09\/clamps.jpg\",\"width\":2480,\"height\":2480},{\"@type\":\"WebPage\",\"@id\":\"https:\/\/www.stille.se\/se\/produkt\/fehling-instruments-pincetter-och-klammor-katalog\/#webpage\",\"url\":\"https:\/\/www.stille.se\/se\/produkt\/fehling-instruments-pincetter-och-klammor-katalog\/\",\"name\":\"FEHLING INSTRUMENTS PINCETTER OCH KL\\u00c4MMOR KATALOG - Stille SE STILLE\",\"isPartOf\":{\"@id\":\"https:\/\/www.stille.se\/se\/#website\"},\"primaryImageOfPage\":{\"@id\":\"https:\/\/www.stille.se\/se\/produkt\/fehling-instruments-pincetter-och-klammor-katalog\/#primaryimage\"},\"datePublished\":\"2024-09-27T09:19:46+00:00\",\"dateModified\":\"2024-09-27T09:22:48+00:00\",\"breadcrumb\":{\"@id\":\"https:\/\/www.stille.se\/se\/produkt\/fehling-instruments-pincetter-och-klammor-katalog\/#breadcrumb\"},\"inLanguage\":\"sv-SE\",\"potentialAction\":[{\"@type\":\"ReadAction\",\"target\":[\"https:\/\/www.stille.se\/se\/produkt\/fehling-instruments-pincetter-och-klammor-katalog\/\"]}]},{\"@type\":\"BreadcrumbList\",\"@id\":\"https:\/\/www.stille.se\/se\/produkt\/fehling-instruments-pincetter-och-klammor-katalog\/#breadcrumb\",\"itemListElement\":[{\"@type\":\"ListItem\",\"position\":1,\"name\":\"Hem\",\"item\":\"https:\/\/www.stille.se\/se\/\"},{\"@type\":\"ListItem\",\"position\":2,\"name\":\"Butik\",\"item\":\"https:\/\/www.stille.se\/se\/butik\/\"},{\"@type\":\"ListItem\",\"position\":3,\"name\":\"Kirurgiska instrument\",\"item\":\"https:\/\/www.stille.se\/se\/produkt-kategori\/kirurgiska-instrument\/\"},{\"@type\":\"ListItem\",\"position\":4,\"name\":\"FEHLING INSTRUMENTS PINCETTER OCH KL\\u00c4MMOR KATALOG\"}]}]}<\/script>\n<!-- \/ Yoast SEO plugin. -->","yoast_head_json":{"title":"FEHLING INSTRUMENTS PINCETTER OCH KL\u00c4MMOR KATALOG - Stille SE STILLE","robots":{"index":"index","follow":"follow","max-snippet":"max-snippet:-1","max-image-preview":"max-image-preview:large","max-video-preview":"max-video-preview:-1"},"canonical":"https:\/\/www.stille.se\/se\/produkt\/fehling-instruments-pincetter-och-klammor-katalog\/","og_locale":"sv_SE","og_type":"article","og_title":"FEHLING INSTRUMENTS PINCETTER OCH KL\u00c4MMOR KATALOG - Stille SE STILLE","og_description":"H\u00e4r hittar du v\u00e5rt sortiment av Fehling Instruments pincetter och kl\u00e4mmor:  Fehling Instruments pincetter och kl\u00e4mmor katalog","og_url":"https:\/\/www.stille.se\/se\/produkt\/fehling-instruments-pincetter-och-klammor-katalog\/","og_site_name":"Stille SE","article_publisher":"https:\/\/www.facebook.com\/stilleab\/","article_modified_time":"2024-09-27T09:22:48+00:00","og_image":[{"width":2480,"height":2480,"url":"https:\/\/www.stille.se\/se\/wp-content\/uploads\/2024\/09\/clamps.jpg","type":"image\/jpeg"}],"twitter_card":"summary_large_image","schema":{"@context":"https:\/\/schema.org","@graph":[{"@type":"Organization","@id":"https:\/\/www.stille.se\/se\/#organization","name":"Stille AB","url":"https:\/\/www.stille.se\/se\/","sameAs":["https:\/\/www.facebook.com\/stilleab\/","https:\/\/www.linkedin.com\/company\/stille-ab\/","https:\/\/www.youtube.com\/channel\/UCpxmVroiwKKSXWe3ZCOrSqw"],"logo":{"@type":"ImageObject","@id":"https:\/\/www.stille.se\/se\/#logo","inLanguage":"sv-SE","url":"https:\/\/www.stille.se\/se\/wp-content\/uploads\/2019\/12\/stille-logo-800.jpg","contentUrl":"https:\/\/www.stille.se\/se\/wp-content\/uploads\/2019\/12\/stille-logo-800.jpg","width":562,"height":314,"caption":"Stille AB"},"image":{"@id":"https:\/\/www.stille.se\/se\/#logo"}},{"@type":"WebSite","@id":"https:\/\/www.stille.se\/se\/#website","url":"https:\/\/www.stille.se\/se\/","name":"Stille SE","description":"","publisher":{"@id":"https:\/\/www.stille.se\/se\/#organization"},"potentialAction":[{"@type":"SearchAction","target":{"@type":"EntryPoint","urlTemplate":"https:\/\/www.stille.se\/se\/?s={search_term_string}"},"query-input":"required name=search_term_string"}],"inLanguage":"sv-SE"},{"@type":"ImageObject","@id":"https:\/\/www.stille.se\/se\/produkt\/fehling-instruments-pincetter-och-klammor-katalog\/#primaryimage","inLanguage":"sv-SE","url":"https:\/\/www.stille.se\/se\/wp-content\/uploads\/2024\/09\/clamps.jpg","contentUrl":"https:\/\/www.stille.se\/se\/wp-content\/uploads\/2024\/09\/clamps.jpg","width":2480,"height":2480},{"@type":"WebPage","@id":"https:\/\/www.stille.se\/se\/produkt\/fehling-instruments-pincetter-och-klammor-katalog\/#webpage","url":"https:\/\/www.stille.se\/se\/produkt\/fehling-instruments-pincetter-och-klammor-katalog\/","name":"FEHLING INSTRUMENTS PINCETTER OCH KL\u00c4MMOR KATALOG - Stille SE STILLE","isPartOf":{"@id":"https:\/\/www.stille.se\/se\/#website"},"primaryImageOfPage":{"@id":"https:\/\/www.stille.se\/se\/produkt\/fehling-instruments-pincetter-och-klammor-katalog\/#primaryimage"},"datePublished":"2024-09-27T09:19:46+00:00","dateModified":"2024-09-27T09:22:48+00:00","breadcrumb":{"@id":"https:\/\/www.stille.se\/se\/produkt\/fehling-instruments-pincetter-och-klammor-katalog\/#breadcrumb"},"inLanguage":"sv-SE","potentialAction":[{"@type":"ReadAction","target":["https:\/\/www.stille.se\/se\/produkt\/fehling-instruments-pincetter-och-klammor-katalog\/"]}]},{"@type":"BreadcrumbList","@id":"https:\/\/www.stille.se\/se\/produkt\/fehling-instruments-pincetter-och-klammor-katalog\/#breadcrumb","itemListElement":[{"@type":"ListItem","position":1,"name":"Hem","item":"https:\/\/www.stille.se\/se\/"},{"@type":"ListItem","position":2,"name":"Butik","item":"https:\/\/www.stille.se\/se\/butik\/"},{"@type":"ListItem","position":3,"name":"Kirurgiska instrument","item":"https:\/\/www.stille.se\/se\/produkt-kategori\/kirurgiska-instrument\/"},{"@type":"ListItem","position":4,"name":"FEHLING INSTRUMENTS PINCETTER OCH KL\u00c4MMOR KATALOG"}]}]}},"_links":{"self":[{"href":"https:\/\/www.stille.se\/se\/wp-json\/wp\/v2\/product\/47835"}],"collection":[{"href":"https:\/\/www.stille.se\/se\/wp-json\/wp\/v2\/product"}],"about":[{"href":"https:\/\/www.stille.se\/se\/wp-json\/wp\/v2\/types\/product"}],"wp:featuredmedia":[{"embeddable":true,"href":"https:\/\/www.stille.se\/se\/wp-json\/wp\/v2\/media\/47825"}],"wp:attachment":[{"href":"https:\/\/www.stille.se\/se\/wp-json\/wp\/v2\/media?parent=47835"}],"wp:term":[{"taxonomy":"product_cat","embeddable":true,"href":"https:\/\/www.stille.se\/se\/wp-json\/wp\/v2\/product_cat?post=47835"},{"taxonomy":"product_tag","embeddable":true,"href":"https:\/\/www.stille.se\/se\/wp-json\/wp\/v2\/product_tag?post=47835"}],"curies":[{"name":"wp","href":"https:\/\/api.w.org\/{rel}","templated":true}]}}