{"id":44520,"date":"2023-09-07T20:08:53","date_gmt":"2023-09-07T18:08:53","guid":{"rendered":"https:\/\/www.stille.se\/us\/?page_id=44520"},"modified":"2024-11-15T14:47:07","modified_gmt":"2024-11-15T13:47:07","slug":"presentations","status":"publish","type":"page","link":"https:\/\/www.stille.se\/us\/investor-relations\/financial-news-reports\/presentations\/","title":{"rendered":"Presentations"},"content":{"rendered":"<h1>Presentations<\/h1>\n\n\n<p><strong>CEO Torbj\u00f6rn Sk\u00f6ld presents a<strong><strong>t Redeye Medtech &amp; Diagnostics Event 2024<\/strong><\/strong><br><\/strong>November 13, 2024<\/p>\n\n\n\n<figure class=\"wp-block-embed is-type-wp-embed is-provider-wistia-inc wp-block-embed-wistia-inc\"><div class=\"wp-block-embed__wrapper\">\n<iframe class=\"wp-embedded-content\" sandbox=\"allow-scripts\" security=\"restricted\" title=\"Stille Video\" src=\"https:\/\/fast.wistia.net\/embed\/iframe\/yvzihtmk7n?dnt=1#?secret=kFwGasOtkZ\" data-secret=\"kFwGasOtkZ\" frameborder=\"0\" scrolling=\"no\" width=\"740\" height=\"416\"><\/iframe>\n<\/div><\/figure>\n\n\n\n<p class=\"wp-embed-aspect-16-9 wp-has-aspect-ratio\"><strong>Updated<\/strong> <strong>Company Presentation Q3<br><\/strong>October 28, 2024<\/p>\n\n\n\n<div class=\"wp-block-file wp-embed-aspect-16-9 wp-has-aspect-ratio\"><a id=\"wp-block-file--media-4b4c8196-5c87-4a4a-a3e2-25e6bf5c6dee\" href=\"https:\/\/www.stille.se\/wp-content\/uploads\/2024\/10\/20241028-stille-investor-presentation-q3.pdf\">Stille Company Presentation &#8211; Q3<\/a><\/div>\n\n\n\n<p class=\"wp-embed-aspect-16-9 wp-has-aspect-ratio\"><strong>Company Presentation: Pareto Healthcare Conference<br><\/strong>September 19, 2024<\/p>\n\n\n\n<div class=\"wp-block-file wp-embed-aspect-16-9 wp-has-aspect-ratio\"><a id=\"wp-block-file--media-4b4c8196-5c87-4a4a-a3e2-25e6bf5c6dee\" href=\"https:\/\/www.stille.se\/se\/wp-content\/uploads\/2024\/09\/20240918-stille-investor-presentation-q2-pareto-full.pdf\">Stille Company Presentation: Pareto Healthcare Conference<\/a><\/div>\n\n\n\n<p id=\"block-f4c6acac-771a-48ab-8365-cf5946f948fd\"><strong>CEO Torbj\u00f6rn Sk\u00f6ld comments Year-End Report 2023<br><\/strong>February 16, 2024<\/p>\n\n\n\n<figure class=\"wp-block-embed is-type-wp-embed is-provider-wistia-inc wp-block-embed-wistia-inc\"><div class=\"wp-block-embed__wrapper\">\n<iframe class=\"wp-embedded-content\" sandbox=\"allow-scripts\" security=\"restricted\" title=\"Stille 240216 Video\" src=\"https:\/\/fast.wistia.net\/embed\/iframe\/knaqnjjmeu?dnt=1#?secret=VomWWQ4zer\" data-secret=\"VomWWQ4zer\" frameborder=\"0\" scrolling=\"no\" width=\"740\" height=\"416\"><\/iframe>\n<\/div><\/figure>\n\n\n\n<p><strong><strong>CEO Torbj\u00f6rn Sk\u00f6ld comments on the acquisition of Fehling Instruments<\/strong><br><\/strong>November 29, 2023<\/p>\n\n\n\n<figure class=\"wp-block-embed is-type-video is-provider-youtube wp-block-embed-youtube wp-embed-aspect-16-9 wp-has-aspect-ratio\"><div class=\"wp-block-embed__wrapper\">\n<iframe loading=\"lazy\" title=\"CEO Torbj\u00f6rn Sk\u00f6ld comments on the acquisition of Fehling Instruments\" width=\"740\" height=\"416\" src=\"https:\/\/www.youtube.com\/embed\/PfVyYJjsWho?feature=oembed\" frameborder=\"0\" allow=\"accelerometer; autoplay; clipboard-write; encrypted-media; gyroscope; picture-in-picture; web-share\" allowfullscreen><\/iframe>\n<\/div><\/figure>\n\n\n\n<p><strong><strong>CEO Torbj\u00f6rn Sk\u00f6ld presents at Redeye Life Science Day 2023<\/strong><br><\/strong>November 27, 2023<\/p>\n\n\n\n<figure class=\"wp-block-embed is-type-wp-embed is-provider-wistia-inc wp-block-embed-wistia-inc\"><div class=\"wp-block-embed__wrapper\">\n<iframe class=\"wp-embedded-content\" sandbox=\"allow-scripts\" security=\"restricted\" title=\"stille Video\" src=\"https:\/\/fast.wistia.net\/embed\/iframe\/kxk7dujw31?dnt=1#?secret=TAKz5PVgsg\" data-secret=\"TAKz5PVgsg\" frameborder=\"0\" scrolling=\"no\" width=\"740\" height=\"416\"><\/iframe>\n<\/div><\/figure>\n\n\n\n<p class=\"wp-embed-aspect-16-9 wp-has-aspect-ratio\"><strong>Updated<\/strong> <strong>Company Presentation Q3<br><\/strong>November 07, 2023<\/p>\n\n\n\n<div class=\"wp-block-file wp-embed-aspect-16-9 wp-has-aspect-ratio\"><a id=\"wp-block-file--media-4b4c8196-5c87-4a4a-a3e2-25e6bf5c6dee\" href=\"https:\/\/www.stille.se\/wp-content\/uploads\/2023\/11\/20231107-stille-investor-presentation-q3-update.pdf\">Stille Company Presentation &#8211; Q3 update<\/a><\/div>\n\n\n\n<p><strong><strong>CEO Torbj\u00f6rn Sk\u00f6ld presents at Pareto Securities Healthcare Conference<\/strong><br><\/strong>September 15, 2023<\/p>\n\n\n\n<figure class=\"wp-block-image size-large is-resized is-style-default\"><a href=\"https:\/\/www.stille.se\/wp-content\/uploads\/2023\/09\/20230907-stille-investor-presentation_final.pdf\"><img loading=\"lazy\" src=\"https:\/\/www.stille.se\/wp-content\/uploads\/2023\/09\/stille2-1024x683.jpg\" alt=\"\" class=\"wp-image-53050\" width=\"600\" height=\"400\"\/><\/a><\/figure>\n\n\n\n<p>Click the image to download the company presentation.<\/p>\n\n\n\n<p><strong>Updated<\/strong> <strong>Company Presentation Q2<br><\/strong>September 08, 2023<\/p>\n\n\n\n<div class=\"wp-block-file\"><a id=\"wp-block-file--media-4b4c8196-5c87-4a4a-a3e2-25e6bf5c6dee\" href=\"https:\/\/www.stille.se\/wp-content\/uploads\/2023\/09\/20230907-stille-investor-presentation_final.pdf\">Stille Company Presentation &#8211; Q2 update<\/a><\/div>\n\n\n\n<p><strong>CEO Torbj\u00f6rn Sk\u00f6ld presents at Redeye Medtech Event<\/strong><br>May 10, 2023<\/p>\n\n\n\n<figure class=\"wp-block-embed is-type-wp-embed is-provider-wistia-inc wp-block-embed-wistia-inc\"><div class=\"wp-block-embed__wrapper\">\n<iframe class=\"wp-embedded-content\" sandbox=\"allow-scripts\" security=\"restricted\" title=\"Stille Video\" src=\"https:\/\/fast.wistia.net\/embed\/iframe\/d8vdeel8st?dnt=1#?secret=UYcILGqoua\" data-secret=\"UYcILGqoua\" frameborder=\"0\" scrolling=\"no\" width=\"740\" height=\"416\"><\/iframe>\n<\/div><\/figure>\n\n\n\n<p><strong>Hanna Ernestam Wilkman CEO presents at Redeye Theme: Medtech &amp; Diagnostics 2022<\/strong><br>May 12, 2022<\/p>\n\n\n\n<figure class=\"wp-block-embed is-type-wp-embed is-provider-wistia-inc wp-block-embed-wistia-inc\"><div class=\"wp-block-embed__wrapper\">\n<iframe class=\"wp-embedded-content\" sandbox=\"allow-scripts\" security=\"restricted\" title=\"Stille220511 Video\" src=\"https:\/\/fast.wistia.net\/embed\/iframe\/dvthazjbpq?dnt=1#?secret=cYscWjcNDw\" data-secret=\"cYscWjcNDw\" frameborder=\"0\" scrolling=\"no\" width=\"740\" height=\"416\"><\/iframe>\n<\/div><\/figure>\n\n\n\n<p><strong>Hanna Ernestam Wilkman CEO presents at Redeye Theme: Medtech &amp; Diagnostics 2022<\/strong><br>February 25, 2022<\/p>\n\n\n\n<figure class=\"wp-block-embed is-type-wp-embed is-provider-wistia-inc wp-block-embed-wistia-inc\"><div class=\"wp-block-embed__wrapper\">\n<iframe class=\"wp-embedded-content\" sandbox=\"allow-scripts\" security=\"restricted\" title=\"Stille Video\" src=\"https:\/\/fast.wistia.net\/embed\/iframe\/awlnecn7oz?dnt=1#?secret=jxpbEoAAqB\" data-secret=\"jxpbEoAAqB\" frameborder=\"0\" scrolling=\"no\" width=\"740\" height=\"416\"><\/iframe>\n<\/div><\/figure>\n\n\n\n<p><strong>CEO Hanna Ernestam Wilkman presents at Redeye Life Science Day 2021<br><\/strong>November 15, 2021<\/p>\n\n\n\n<figure class=\"wp-block-embed is-type-wp-embed is-provider-wistia-inc wp-block-embed-wistia-inc\"><div class=\"wp-block-embed__wrapper\">\n<iframe class=\"wp-embedded-content\" sandbox=\"allow-scripts\" security=\"restricted\" title=\"Stille Video\" src=\"https:\/\/fast.wistia.net\/embed\/iframe\/w2qwcuw2l8?dnt=1#?secret=Ue4n11FCMR\" data-secret=\"Ue4n11FCMR\" frameborder=\"0\" scrolling=\"no\" width=\"740\" height=\"416\"><\/iframe>\n<\/div><\/figure>\n\n\n\n<p><strong>David Jern CEO presents at Corporate Finance Life Science seminar<br><\/strong>March 06, 2018<\/p>\n\n\n\n<figure class=\"wp-block-embed is-type-video is-provider-youtube wp-block-embed-youtube wp-embed-aspect-16-9 wp-has-aspect-ratio\"><div class=\"wp-block-embed__wrapper\">\n<iframe loading=\"lazy\" title=\"Stille ab p\u00e5 Stockholm Corporate Finance Life Science seminarium 20180306\" width=\"740\" height=\"416\" src=\"https:\/\/www.youtube.com\/embed\/2Bj4uddKiks?feature=oembed\" frameborder=\"0\" allow=\"accelerometer; autoplay; clipboard-write; encrypted-media; gyroscope; picture-in-picture; web-share\" allowfullscreen><\/iframe>\n<\/div><\/figure>\n","protected":false},"excerpt":{"rendered":"<p>Presentations CEO Torbj\u00f6rn Sk\u00f6ld presents at Redeye Medtech &amp; Diagnostics Event 2024November 13, 2024 Updated Company Presentation Q3October 28, 2024 Company Presentation: Pareto Healthcare ConferenceSeptember 19, 2024 CEO Torbj\u00f6rn Sk\u00f6ld comments Year-End Report 2023February 16, 2024 CEO Torbj\u00f6rn Sk\u00f6ld comments on the acquisition of Fehling InstrumentsNovember 29, 2023 CEO Torbj\u00f6rn Sk\u00f6ld presents at Redeye Life&#8230;<\/p>\n","protected":false},"author":33,"featured_media":0,"parent":261,"menu_order":0,"comment_status":"open","ping_status":"open","template":"","meta":[],"acf":[],"yoast_head":"<!-- This site is optimized with the Yoast SEO plugin v17.9 - https:\/\/yoast.com\/wordpress\/plugins\/seo\/ -->\n<title>Presentations - STILLE<\/title>\n<meta name=\"robots\" content=\"index, follow, max-snippet:-1, max-image-preview:large, max-video-preview:-1\" \/>\n<link rel=\"canonical\" href=\"https:\/\/www.stille.se\/us\/investor-relations\/financial-news-reports\/presentations\/\" \/>\n<meta property=\"og:locale\" content=\"en_US\" \/>\n<meta property=\"og:type\" content=\"article\" \/>\n<meta property=\"og:title\" content=\"Presentations - STILLE\" \/>\n<meta property=\"og:description\" content=\"Presentations CEO Torbj\u00f6rn Sk\u00f6ld presents at Redeye Medtech &amp; Diagnostics Event 2024November 13, 2024 Updated Company Presentation Q3October 28, 2024 Company Presentation: Pareto Healthcare ConferenceSeptember 19, 2024 CEO Torbj\u00f6rn Sk\u00f6ld comments Year-End Report 2023February 16, 2024 CEO Torbj\u00f6rn Sk\u00f6ld comments on the acquisition of Fehling InstrumentsNovember 29, 2023 CEO Torbj\u00f6rn Sk\u00f6ld presents at Redeye Life...\" \/>\n<meta property=\"og:url\" content=\"https:\/\/www.stille.se\/us\/investor-relations\/financial-news-reports\/presentations\/\" \/>\n<meta property=\"og:site_name\" content=\"Stille US\" \/>\n<meta property=\"article:publisher\" content=\"https:\/\/www.facebook.com\/stilleab\/\" \/>\n<meta property=\"article:modified_time\" content=\"2024-11-15T13:47:07+00:00\" \/>\n<meta property=\"og:image\" content=\"https:\/\/www.stille.se\/wp-content\/uploads\/2023\/09\/stille2-1024x683.jpg\" \/>\n<meta name=\"twitter:card\" content=\"summary_large_image\" \/>\n<meta name=\"twitter:label1\" content=\"Est. reading time\" \/>\n\t<meta name=\"twitter:data1\" content=\"2 minutes\" \/>\n<script type=\"application\/ld+json\" class=\"yoast-schema-graph\">{\"@context\":\"https:\/\/schema.org\",\"@graph\":[{\"@type\":\"Organization\",\"@id\":\"https:\/\/www.stille.se\/us\/#organization\",\"name\":\"Stille Inc.\",\"url\":\"https:\/\/www.stille.se\/us\/\",\"sameAs\":[\"https:\/\/www.facebook.com\/stilleab\/\",\"https:\/\/www.linkedin.com\/company\/stille-ab\/\",\"https:\/\/www.youtube.com\/channel\/UCpxmVroiwKKSXWe3ZCOrSqw\"],\"logo\":{\"@type\":\"ImageObject\",\"@id\":\"https:\/\/www.stille.se\/us\/#logo\",\"inLanguage\":\"en-US\",\"url\":\"https:\/\/www.stille.se\/us\/wp-content\/uploads\/2019\/12\/stille-logo-800.jpg\",\"contentUrl\":\"https:\/\/www.stille.se\/us\/wp-content\/uploads\/2019\/12\/stille-logo-800.jpg\",\"width\":562,\"height\":314,\"caption\":\"Stille Inc.\"},\"image\":{\"@id\":\"https:\/\/www.stille.se\/us\/#logo\"}},{\"@type\":\"WebSite\",\"@id\":\"https:\/\/www.stille.se\/us\/#website\",\"url\":\"https:\/\/www.stille.se\/us\/\",\"name\":\"Stille US\",\"description\":\"\",\"publisher\":{\"@id\":\"https:\/\/www.stille.se\/us\/#organization\"},\"potentialAction\":[{\"@type\":\"SearchAction\",\"target\":{\"@type\":\"EntryPoint\",\"urlTemplate\":\"https:\/\/www.stille.se\/us\/?s={search_term_string}\"},\"query-input\":\"required name=search_term_string\"}],\"inLanguage\":\"en-US\"},{\"@type\":\"ImageObject\",\"@id\":\"https:\/\/www.stille.se\/us\/investor-relations\/financial-news-reports\/presentations\/#primaryimage\",\"inLanguage\":\"en-US\",\"url\":\"https:\/\/www.stille.se\/wp-content\/uploads\/2023\/09\/stille2-1024x683.jpg\",\"contentUrl\":\"https:\/\/www.stille.se\/wp-content\/uploads\/2023\/09\/stille2-1024x683.jpg\"},{\"@type\":\"WebPage\",\"@id\":\"https:\/\/www.stille.se\/us\/investor-relations\/financial-news-reports\/presentations\/#webpage\",\"url\":\"https:\/\/www.stille.se\/us\/investor-relations\/financial-news-reports\/presentations\/\",\"name\":\"Presentations - STILLE\",\"isPartOf\":{\"@id\":\"https:\/\/www.stille.se\/us\/#website\"},\"primaryImageOfPage\":{\"@id\":\"https:\/\/www.stille.se\/us\/investor-relations\/financial-news-reports\/presentations\/#primaryimage\"},\"datePublished\":\"2023-09-07T18:08:53+00:00\",\"dateModified\":\"2024-11-15T13:47:07+00:00\",\"breadcrumb\":{\"@id\":\"https:\/\/www.stille.se\/us\/investor-relations\/financial-news-reports\/presentations\/#breadcrumb\"},\"inLanguage\":\"en-US\",\"potentialAction\":[{\"@type\":\"ReadAction\",\"target\":[\"https:\/\/www.stille.se\/us\/investor-relations\/financial-news-reports\/presentations\/\"]}]},{\"@type\":\"BreadcrumbList\",\"@id\":\"https:\/\/www.stille.se\/us\/investor-relations\/financial-news-reports\/presentations\/#breadcrumb\",\"itemListElement\":[{\"@type\":\"ListItem\",\"position\":1,\"name\":\"Home\",\"item\":\"https:\/\/www.stille.se\/us\/\"},{\"@type\":\"ListItem\",\"position\":2,\"name\":\"Investor Relations\",\"item\":\"https:\/\/www.stille.se\/us\/investor-relations\/\"},{\"@type\":\"ListItem\",\"position\":3,\"name\":\"Financial News &#038; Reports\",\"item\":\"https:\/\/www.stille.se\/us\/investor-relations\/financial-news-reports\/\"},{\"@type\":\"ListItem\",\"position\":4,\"name\":\"Presentations\"}]}]}<\/script>\n<!-- \/ Yoast SEO plugin. -->","yoast_head_json":{"title":"Presentations - STILLE","robots":{"index":"index","follow":"follow","max-snippet":"max-snippet:-1","max-image-preview":"max-image-preview:large","max-video-preview":"max-video-preview:-1"},"canonical":"https:\/\/www.stille.se\/us\/investor-relations\/financial-news-reports\/presentations\/","og_locale":"en_US","og_type":"article","og_title":"Presentations - STILLE","og_description":"Presentations CEO Torbj\u00f6rn Sk\u00f6ld presents at Redeye Medtech &amp; Diagnostics Event 2024November 13, 2024 Updated Company Presentation Q3October 28, 2024 Company Presentation: Pareto Healthcare ConferenceSeptember 19, 2024 CEO Torbj\u00f6rn Sk\u00f6ld comments Year-End Report 2023February 16, 2024 CEO Torbj\u00f6rn Sk\u00f6ld comments on the acquisition of Fehling InstrumentsNovember 29, 2023 CEO Torbj\u00f6rn Sk\u00f6ld presents at Redeye Life...","og_url":"https:\/\/www.stille.se\/us\/investor-relations\/financial-news-reports\/presentations\/","og_site_name":"Stille US","article_publisher":"https:\/\/www.facebook.com\/stilleab\/","article_modified_time":"2024-11-15T13:47:07+00:00","og_image":[{"url":"https:\/\/www.stille.se\/wp-content\/uploads\/2023\/09\/stille2-1024x683.jpg"}],"twitter_card":"summary_large_image","twitter_misc":{"Est. reading time":"2 minutes"},"schema":{"@context":"https:\/\/schema.org","@graph":[{"@type":"Organization","@id":"https:\/\/www.stille.se\/us\/#organization","name":"Stille Inc.","url":"https:\/\/www.stille.se\/us\/","sameAs":["https:\/\/www.facebook.com\/stilleab\/","https:\/\/www.linkedin.com\/company\/stille-ab\/","https:\/\/www.youtube.com\/channel\/UCpxmVroiwKKSXWe3ZCOrSqw"],"logo":{"@type":"ImageObject","@id":"https:\/\/www.stille.se\/us\/#logo","inLanguage":"en-US","url":"https:\/\/www.stille.se\/us\/wp-content\/uploads\/2019\/12\/stille-logo-800.jpg","contentUrl":"https:\/\/www.stille.se\/us\/wp-content\/uploads\/2019\/12\/stille-logo-800.jpg","width":562,"height":314,"caption":"Stille Inc."},"image":{"@id":"https:\/\/www.stille.se\/us\/#logo"}},{"@type":"WebSite","@id":"https:\/\/www.stille.se\/us\/#website","url":"https:\/\/www.stille.se\/us\/","name":"Stille US","description":"","publisher":{"@id":"https:\/\/www.stille.se\/us\/#organization"},"potentialAction":[{"@type":"SearchAction","target":{"@type":"EntryPoint","urlTemplate":"https:\/\/www.stille.se\/us\/?s={search_term_string}"},"query-input":"required name=search_term_string"}],"inLanguage":"en-US"},{"@type":"ImageObject","@id":"https:\/\/www.stille.se\/us\/investor-relations\/financial-news-reports\/presentations\/#primaryimage","inLanguage":"en-US","url":"https:\/\/www.stille.se\/wp-content\/uploads\/2023\/09\/stille2-1024x683.jpg","contentUrl":"https:\/\/www.stille.se\/wp-content\/uploads\/2023\/09\/stille2-1024x683.jpg"},{"@type":"WebPage","@id":"https:\/\/www.stille.se\/us\/investor-relations\/financial-news-reports\/presentations\/#webpage","url":"https:\/\/www.stille.se\/us\/investor-relations\/financial-news-reports\/presentations\/","name":"Presentations - STILLE","isPartOf":{"@id":"https:\/\/www.stille.se\/us\/#website"},"primaryImageOfPage":{"@id":"https:\/\/www.stille.se\/us\/investor-relations\/financial-news-reports\/presentations\/#primaryimage"},"datePublished":"2023-09-07T18:08:53+00:00","dateModified":"2024-11-15T13:47:07+00:00","breadcrumb":{"@id":"https:\/\/www.stille.se\/us\/investor-relations\/financial-news-reports\/presentations\/#breadcrumb"},"inLanguage":"en-US","potentialAction":[{"@type":"ReadAction","target":["https:\/\/www.stille.se\/us\/investor-relations\/financial-news-reports\/presentations\/"]}]},{"@type":"BreadcrumbList","@id":"https:\/\/www.stille.se\/us\/investor-relations\/financial-news-reports\/presentations\/#breadcrumb","itemListElement":[{"@type":"ListItem","position":1,"name":"Home","item":"https:\/\/www.stille.se\/us\/"},{"@type":"ListItem","position":2,"name":"Investor Relations","item":"https:\/\/www.stille.se\/us\/investor-relations\/"},{"@type":"ListItem","position":3,"name":"Financial News &#038; Reports","item":"https:\/\/www.stille.se\/us\/investor-relations\/financial-news-reports\/"},{"@type":"ListItem","position":4,"name":"Presentations"}]}]}},"_links":{"self":[{"href":"https:\/\/www.stille.se\/us\/wp-json\/wp\/v2\/pages\/44520"}],"collection":[{"href":"https:\/\/www.stille.se\/us\/wp-json\/wp\/v2\/pages"}],"about":[{"href":"https:\/\/www.stille.se\/us\/wp-json\/wp\/v2\/types\/page"}],"author":[{"embeddable":true,"href":"https:\/\/www.stille.se\/us\/wp-json\/wp\/v2\/users\/33"}],"replies":[{"embeddable":true,"href":"https:\/\/www.stille.se\/us\/wp-json\/wp\/v2\/comments?post=44520"}],"version-history":[{"count":14,"href":"https:\/\/www.stille.se\/us\/wp-json\/wp\/v2\/pages\/44520\/revisions"}],"predecessor-version":[{"id":53629,"href":"https:\/\/www.stille.se\/us\/wp-json\/wp\/v2\/pages\/44520\/revisions\/53629"}],"up":[{"embeddable":true,"href":"https:\/\/www.stille.se\/us\/wp-json\/wp\/v2\/pages\/261"}],"wp:attachment":[{"href":"https:\/\/www.stille.se\/us\/wp-json\/wp\/v2\/media?parent=44520"}],"curies":[{"name":"wp","href":"https:\/\/api.w.org\/{rel}","templated":true}]}}